{"id":188,"date":"2024-04-03T17:24:09","date_gmt":"2024-04-03T17:24:09","guid":{"rendered":"https:\/\/cojinesdelechona.com\/?page_id=188"},"modified":"2024-04-11T16:44:34","modified_gmt":"2024-04-11T16:44:34","slug":"servicios","status":"publish","type":"page","link":"https:\/\/cojinesdelechona.com\/index.php\/servicios\/","title":{"rendered":"Servicios"},"content":{"rendered":"\t\t<div data-elementor-type=\"wp-page\" data-elementor-id=\"188\" class=\"elementor elementor-188\" data-elementor-post-type=\"page\">\n\t\t\t\t\t\t<section data-particle_enable=\"false\" data-particle-mobile-disabled=\"false\" class=\"elementor-section elementor-top-section elementor-element elementor-element-d0dec95 elementor-section-boxed elementor-section-height-default elementor-section-height-default\" data-id=\"d0dec95\" data-element_type=\"section\">\n\t\t\t\t\t\t\t<div class=\"elementor-background-overlay\"><\/div>\n\t\t\t\t\t\t\t<div class=\"elementor-container elementor-column-gap-no\">\n\t\t\t\t\t<div class=\"elementor-column elementor-col-100 elementor-top-column elementor-element elementor-element-6017841c\" data-id=\"6017841c\" data-element_type=\"column\">\n\t\t\t<div class=\"elementor-widget-wrap elementor-element-populated\">\n\t\t\t\t\t\t<div class=\"elementor-element elementor-element-7d9813e7 elementor-widget elementor-widget-jkit_heading\" data-id=\"7d9813e7\" data-element_type=\"widget\" data-widget_type=\"jkit_heading.default\">\n\t\t\t\t<div class=\"elementor-widget-container\">\n\t\t\t<div  class=\"jeg-elementor-kit jkit-heading  align-center align-tablet-center align-mobile-center jeg_module___69dc441af302a\" ><div class=\"heading-section-title  display-inline-block\"><h2 class=\"heading-title\">SERVICIOS<\/h2><\/div><\/div>\t\t<\/div>\n\t\t\t\t<\/div>\n\t\t\t\t\t<\/div>\n\t\t<\/div>\n\t\t\t\t\t<\/div>\n\t\t<\/section>\n\t\t\t\t<section data-particle_enable=\"false\" data-particle-mobile-disabled=\"false\" class=\"elementor-section elementor-top-section elementor-element elementor-element-62dfcb34 elementor-section-boxed elementor-section-height-default elementor-section-height-default\" data-id=\"62dfcb34\" data-element_type=\"section\">\n\t\t\t\t\t\t<div class=\"elementor-container elementor-column-gap-no\">\n\t\t\t\t\t<div class=\"elementor-column elementor-col-100 elementor-top-column elementor-element elementor-element-3cc220b8\" data-id=\"3cc220b8\" data-element_type=\"column\">\n\t\t\t<div class=\"elementor-widget-wrap elementor-element-populated\">\n\t\t\t\t\t\t<div class=\"elementor-element elementor-element-29469caa elementor-widget elementor-widget-jkit_heading\" data-id=\"29469caa\" data-element_type=\"widget\" data-widget_type=\"jkit_heading.default\">\n\t\t\t\t<div class=\"elementor-widget-container\">\n\t\t\t<div  class=\"jeg-elementor-kit jkit-heading  align-center align-tablet-center align-mobile- jeg_module__1_69dc441af3d71\" ><div class=\"heading-section-title  display-inline-block\"><h2 class=\"heading-title\">Servicios <span class=\"style-color\"><span>que ofrecemos:<\/span><\/span><\/h2><\/div><div class=\"heading-section-description\"><\/div><\/div>\t\t<\/div>\n\t\t\t\t<\/div>\n\t\t\t\t<section data-particle_enable=\"false\" data-particle-mobile-disabled=\"false\" class=\"elementor-section elementor-inner-section elementor-element elementor-element-707bcfb9 elementor-section-boxed elementor-section-height-default elementor-section-height-default\" data-id=\"707bcfb9\" data-element_type=\"section\">\n\t\t\t\t\t\t<div class=\"elementor-container elementor-column-gap-no\">\n\t\t\t\t\t<div class=\"elementor-column elementor-col-100 elementor-inner-column elementor-element elementor-element-2b2b2095\" data-id=\"2b2b2095\" data-element_type=\"column\">\n\t\t\t<div class=\"elementor-widget-wrap elementor-element-populated\">\n\t\t\t\t\t\t<div class=\"elementor-element elementor-element-4d7dea20 animated-slow elementor-invisible elementor-widget elementor-widget-jkit_tabs\" data-id=\"4d7dea20\" data-element_type=\"widget\" data-settings=\"{&quot;_animation&quot;:&quot;fadeInUp&quot;,&quot;_animation_delay&quot;:300}\" data-widget_type=\"jkit_tabs.default\">\n\t\t\t\t<div class=\"elementor-widget-container\">\n\t\t\t<div  class=\"jeg-elementor-kit jkit-tabs layout-vertical jeg_module__2_69dc441b03b21\" ><div class=\"tab-navigation\"><ul class=\"tab-nav-list  slide \" data-toggle=\"0\"><li class=\"tab-nav active \" data-tab=\"tab-2603458\"><span class=\"tab-title\">Atendemos eventos familiares: <\/span><div class=\"tab-content\"><div class=\"tab-description\"><p style=\"text-align: left;\">Celebre momentos especiales con nuestra deliciosa lechona, perfecta para reuniones familiares, fiestas de cumplea\u00f1os, y m\u00e1s.<\/p><\/div><\/div><\/li><li class=\"tab-nav  \" data-tab=\"tab-6cc2906\"><span class=\"tab-title\">Reuniones institucionales:<\/span><div class=\"tab-content\"><div class=\"tab-description\"><p style=\"text-align: left;\">Impresione a sus colegas y socios con nuestra selecci\u00f3n de lechonas de alta calidad en sus reuniones corporativas o eventos institucionales.<\/p><\/div><\/div><\/li><li class=\"tab-nav  \" data-tab=\"tab-ead4ef3\"><span class=\"tab-title\">Novenas:<\/span><div class=\"tab-content\"><div class=\"tab-description\"><p style=\"text-align: left;\">Acompa\u00f1e sus novenas con el sabor aut\u00e9ntico de nuestra lechona, a\u00f1adiendo un toque especial a estas tradicionales celebraciones.<\/p><\/div><\/div><\/li><li class=\"tab-nav  \" data-tab=\"tab-7dea722\"><span class=\"tab-title\">Eventos pol\u00edticos: <\/span><div class=\"tab-content\"><div class=\"tab-description\"><p style=\"text-align: left;\">Haga que su evento pol\u00edtico sea memorable con nuestra lechona de primera calidad, garantizando la satisfacci\u00f3n de todos los asistentes.<\/p><\/div><\/div><\/li><li class=\"tab-nav active \" data-tab=\"tab-bbabc78\"><span class=\"tab-title\">Cualquier tipo de evento:<\/span><div class=\"tab-content\"><div class=\"tab-description\"><p style=\"text-align: left;\">Desde bodas hasta eventos comunitarios, nuestra lechona es la elecci\u00f3n perfecta para cualquier ocasi\u00f3n especial que requiera un toque de sabor y tradici\u00f3n.<\/p><\/div><\/div><\/li><\/ul><\/div><div class=\"tab-content-list\"><div class=\"tab-content tab-2603458 active\"><\/div><div class=\"tab-content tab-6cc2906 \"><\/div><div class=\"tab-content tab-ead4ef3 \"><\/div><div class=\"tab-content tab-7dea722 \"><\/div><div class=\"tab-content tab-bbabc78 active\"><\/div><\/div><\/div>\t\t<\/div>\n\t\t\t\t<\/div>\n\t\t\t\t\t<\/div>\n\t\t<\/div>\n\t\t\t\t\t<\/div>\n\t\t<\/section>\n\t\t\t\t\t<\/div>\n\t\t<\/div>\n\t\t\t\t\t<\/div>\n\t\t<\/section>\n\t\t\t\t<section data-particle_enable=\"false\" data-particle-mobile-disabled=\"false\" class=\"elementor-section elementor-top-section elementor-element elementor-element-c7b66cb elementor-section-boxed elementor-section-height-default elementor-section-height-default\" data-id=\"c7b66cb\" data-element_type=\"section\">\n\t\t\t\t\t\t<div class=\"elementor-container elementor-column-gap-default\">\n\t\t\t\t\t<div class=\"elementor-column elementor-col-100 elementor-top-column elementor-element elementor-element-57daa7b\" data-id=\"57daa7b\" data-element_type=\"column\">\n\t\t\t<div class=\"elementor-widget-wrap elementor-element-populated\">\n\t\t\t\t\t\t<div class=\"elementor-element elementor-element-fd5b67e elementor-arrows-position-inside elementor-pagination-position-outside elementor-widget elementor-widget-image-carousel\" data-id=\"fd5b67e\" data-element_type=\"widget\" data-settings=\"{&quot;navigation&quot;:&quot;both&quot;,&quot;autoplay&quot;:&quot;yes&quot;,&quot;pause_on_hover&quot;:&quot;yes&quot;,&quot;pause_on_interaction&quot;:&quot;yes&quot;,&quot;autoplay_speed&quot;:5000,&quot;infinite&quot;:&quot;yes&quot;,&quot;speed&quot;:500}\" data-widget_type=\"image-carousel.default\">\n\t\t\t\t<div class=\"elementor-widget-container\">\n\t\t\t<style>\/*! elementor - v3.20.0 - 26-03-2024 *\/\n.elementor-widget-image-carousel .swiper,.elementor-widget-image-carousel .swiper-container{position:static}.elementor-widget-image-carousel .swiper-container .swiper-slide figure,.elementor-widget-image-carousel .swiper .swiper-slide figure{line-height:inherit}.elementor-widget-image-carousel .swiper-slide{text-align:center}.elementor-image-carousel-wrapper:not(.swiper-container-initialized):not(.swiper-initialized) .swiper-slide{max-width:calc(100% \/ var(--e-image-carousel-slides-to-show, 3))}<\/style>\t\t<div class=\"elementor-image-carousel-wrapper swiper\" dir=\"ltr\">\n\t\t\t<div class=\"elementor-image-carousel swiper-wrapper\" aria-live=\"off\">\n\t\t\t\t\t\t\t\t<div class=\"swiper-slide\" role=\"group\" aria-roledescription=\"slide\" aria-label=\"1 de 14\"><figure class=\"swiper-slide-inner\"><img decoding=\"async\" class=\"swiper-slide-image\" src=\"https:\/\/cojinesdelechona.com\/wp-content\/uploads\/2024\/04\/Imagen-de-WhatsApp-2024-04-04-a-las-09.27.15_55103587-150x150.jpg\" alt=\"Imagen de WhatsApp 2024-04-04 a las 09.27.15_55103587\" \/><\/figure><\/div><div class=\"swiper-slide\" role=\"group\" aria-roledescription=\"slide\" aria-label=\"2 de 14\"><figure class=\"swiper-slide-inner\"><img decoding=\"async\" class=\"swiper-slide-image\" src=\"https:\/\/cojinesdelechona.com\/wp-content\/uploads\/2024\/04\/Imagen-de-WhatsApp-2024-04-04-a-las-09.27.15_3f64d0a0-150x150.jpg\" alt=\"Imagen de WhatsApp 2024-04-04 a las 09.27.15_3f64d0a0\" \/><\/figure><\/div><div class=\"swiper-slide\" role=\"group\" aria-roledescription=\"slide\" aria-label=\"3 de 14\"><figure class=\"swiper-slide-inner\"><img decoding=\"async\" class=\"swiper-slide-image\" src=\"https:\/\/cojinesdelechona.com\/wp-content\/uploads\/2024\/04\/Imagen-de-WhatsApp-2024-04-04-a-las-09.27.14_cb5d16f7-150x150.jpg\" alt=\"Imagen de WhatsApp 2024-04-04 a las 09.27.14_cb5d16f7\" \/><\/figure><\/div><div class=\"swiper-slide\" role=\"group\" aria-roledescription=\"slide\" aria-label=\"4 de 14\"><figure class=\"swiper-slide-inner\"><img decoding=\"async\" class=\"swiper-slide-image\" src=\"https:\/\/cojinesdelechona.com\/wp-content\/uploads\/2024\/04\/Imagen-de-WhatsApp-2024-04-04-a-las-09.27.14_a8b1d445-150x150.jpg\" alt=\"Imagen de WhatsApp 2024-04-04 a las 09.27.14_a8b1d445\" \/><\/figure><\/div><div class=\"swiper-slide\" role=\"group\" aria-roledescription=\"slide\" aria-label=\"5 de 14\"><figure class=\"swiper-slide-inner\"><img decoding=\"async\" class=\"swiper-slide-image\" src=\"https:\/\/cojinesdelechona.com\/wp-content\/uploads\/2024\/04\/Imagen-de-WhatsApp-2024-04-04-a-las-09.27.14_1232cf9b-150x150.jpg\" alt=\"Imagen de WhatsApp 2024-04-04 a las 09.27.14_1232cf9b\" \/><\/figure><\/div><div class=\"swiper-slide\" role=\"group\" aria-roledescription=\"slide\" aria-label=\"6 de 14\"><figure class=\"swiper-slide-inner\"><img decoding=\"async\" class=\"swiper-slide-image\" src=\"https:\/\/cojinesdelechona.com\/wp-content\/uploads\/2024\/04\/lechoneria-donde-jimmy-evento-familiar-150x150.jpg\" alt=\"lechoneria-donde-jimmy-evento-familiar\" \/><\/figure><\/div><div class=\"swiper-slide\" role=\"group\" aria-roledescription=\"slide\" aria-label=\"7 de 14\"><figure class=\"swiper-slide-inner\"><img decoding=\"async\" class=\"swiper-slide-image\" src=\"https:\/\/cojinesdelechona.com\/wp-content\/uploads\/2024\/04\/IMG_20180507_183312-150x150.jpg\" alt=\"IMG_20180507_183312\" \/><\/figure><\/div><div class=\"swiper-slide\" role=\"group\" aria-roledescription=\"slide\" aria-label=\"8 de 14\"><figure class=\"swiper-slide-inner\"><img decoding=\"async\" class=\"swiper-slide-image\" src=\"https:\/\/cojinesdelechona.com\/wp-content\/uploads\/2024\/04\/25-400x300-1-150x150.jpg\" alt=\"25-400x300\" \/><\/figure><\/div><div class=\"swiper-slide\" role=\"group\" aria-roledescription=\"slide\" aria-label=\"9 de 14\"><figure class=\"swiper-slide-inner\"><img decoding=\"async\" class=\"swiper-slide-image\" src=\"https:\/\/cojinesdelechona.com\/wp-content\/uploads\/2024\/04\/17-300x300-1-150x150.jpg\" alt=\"17-300x300\" \/><\/figure><\/div><div class=\"swiper-slide\" role=\"group\" aria-roledescription=\"slide\" aria-label=\"10 de 14\"><figure class=\"swiper-slide-inner\"><img decoding=\"async\" class=\"swiper-slide-image\" src=\"https:\/\/cojinesdelechona.com\/wp-content\/uploads\/2024\/04\/13-400x267-1-150x150.jpg\" alt=\"13-400x267\" \/><\/figure><\/div><div class=\"swiper-slide\" role=\"group\" aria-roledescription=\"slide\" aria-label=\"11 de 14\"><figure class=\"swiper-slide-inner\"><img decoding=\"async\" class=\"swiper-slide-image\" src=\"https:\/\/cojinesdelechona.com\/wp-content\/uploads\/2024\/04\/IMG_20180507_183312-removebg-preview-150x150.png\" alt=\"IMG_20180507_183312-removebg-preview\" \/><\/figure><\/div><div class=\"swiper-slide\" role=\"group\" aria-roledescription=\"slide\" aria-label=\"12 de 14\"><figure class=\"swiper-slide-inner\"><img decoding=\"async\" class=\"swiper-slide-image\" src=\"https:\/\/cojinesdelechona.com\/wp-content\/uploads\/2024\/04\/tamal-300x300-1-150x150.jpg\" alt=\"tamal-300x300\" \/><\/figure><\/div><div class=\"swiper-slide\" role=\"group\" aria-roledescription=\"slide\" aria-label=\"13 de 14\"><figure class=\"swiper-slide-inner\"><img decoding=\"async\" class=\"swiper-slide-image\" src=\"https:\/\/cojinesdelechona.com\/wp-content\/uploads\/2024\/04\/pernil-de-cerdo-bogota-300x300-1-150x150.jpeg\" alt=\"pernil-de-cerdo-bogota-300x300\" \/><\/figure><\/div><div class=\"swiper-slide\" role=\"group\" aria-roledescription=\"slide\" aria-label=\"14 de 14\"><figure class=\"swiper-slide-inner\"><img decoding=\"async\" class=\"swiper-slide-image\" src=\"https:\/\/cojinesdelechona.com\/wp-content\/uploads\/2024\/04\/8-400x300-1-150x150.png\" alt=\"8-400x300\" \/><\/figure><\/div>\t\t\t<\/div>\n\t\t\t\t\t\t\t\t\t\t\t\t<div class=\"elementor-swiper-button elementor-swiper-button-prev\" role=\"button\" tabindex=\"0\">\n\t\t\t\t\t\t<i aria-hidden=\"true\" class=\"eicon-chevron-left\"><\/i>\t\t\t\t\t<\/div>\n\t\t\t\t\t<div class=\"elementor-swiper-button elementor-swiper-button-next\" role=\"button\" tabindex=\"0\">\n\t\t\t\t\t\t<i aria-hidden=\"true\" class=\"eicon-chevron-right\"><\/i>\t\t\t\t\t<\/div>\n\t\t\t\t\n\t\t\t\t\t\t\t\t\t<div class=\"swiper-pagination\"><\/div>\n\t\t\t\t\t\t\t\t\t<\/div>\n\t\t\t\t<\/div>\n\t\t\t\t<\/div>\n\t\t\t\t\t<\/div>\n\t\t<\/div>\n\t\t\t\t\t<\/div>\n\t\t<\/section>\n\t\t\t\t<section data-particle_enable=\"false\" data-particle-mobile-disabled=\"false\" class=\"elementor-section elementor-top-section elementor-element elementor-element-450eebf4 elementor-section-boxed elementor-section-height-default elementor-section-height-default\" data-id=\"450eebf4\" data-element_type=\"section\" data-settings=\"{&quot;background_background&quot;:&quot;classic&quot;,&quot;shape_divider_top&quot;:&quot;arrow&quot;}\">\n\t\t\t\t\t\t\t<div class=\"elementor-background-overlay\"><\/div>\n\t\t\t\t\t\t<div class=\"elementor-shape elementor-shape-top\" data-negative=\"false\">\n\t\t\t<svg xmlns=\"http:\/\/www.w3.org\/2000\/svg\" viewBox=\"0 0 700 10\" preserveAspectRatio=\"none\">\n\t<path class=\"elementor-shape-fill\" d=\"M350,10L340,0h20L350,10z\"\/>\n<\/svg>\t\t<\/div>\n\t\t\t\t\t<div class=\"elementor-container elementor-column-gap-no\">\n\t\t\t\t\t<div class=\"elementor-column elementor-col-100 elementor-top-column elementor-element elementor-element-13436568\" data-id=\"13436568\" data-element_type=\"column\">\n\t\t\t<div class=\"elementor-widget-wrap elementor-element-populated\">\n\t\t\t\t\t\t<div class=\"elementor-element elementor-element-6ba5d2e7 elementor-widget elementor-widget-jkit_heading\" data-id=\"6ba5d2e7\" data-element_type=\"widget\" data-widget_type=\"jkit_heading.default\">\n\t\t\t\t<div class=\"elementor-widget-container\">\n\t\t\t<div  class=\"jeg-elementor-kit jkit-heading  align-left align-tablet- align-mobile-center jeg_module__3_69dc441b0688b\" ><div class=\"heading-section-title  display-inline-block\"><h2 class=\"heading-title\">NO DUDES EN PONERTE <span class=\"style-color\"><span>EN CONTACTO<\/span><\/span><\/h2><\/div><div class=\"heading-section-description\"><\/div><\/div>\t\t<\/div>\n\t\t\t\t<\/div>\n\t\t\t\t<div class=\"elementor-element elementor-element-15038f8d elementor-widget__width-auto e-transform elementor-invisible elementor-widget elementor-widget-jkit_button\" data-id=\"15038f8d\" data-element_type=\"widget\" data-settings=\"{&quot;_transform_translateX_effect_hover&quot;:{&quot;unit&quot;:&quot;px&quot;,&quot;size&quot;:5,&quot;sizes&quot;:[]},&quot;_transform_translateY_effect_hover&quot;:{&quot;unit&quot;:&quot;px&quot;,&quot;size&quot;:-5,&quot;sizes&quot;:[]},&quot;_animation&quot;:&quot;fadeInUp&quot;,&quot;_animation_delay&quot;:200,&quot;_transform_translateX_effect_hover_tablet&quot;:{&quot;unit&quot;:&quot;px&quot;,&quot;size&quot;:&quot;&quot;,&quot;sizes&quot;:[]},&quot;_transform_translateX_effect_hover_mobile&quot;:{&quot;unit&quot;:&quot;px&quot;,&quot;size&quot;:&quot;&quot;,&quot;sizes&quot;:[]},&quot;_transform_translateY_effect_hover_tablet&quot;:{&quot;unit&quot;:&quot;px&quot;,&quot;size&quot;:&quot;&quot;,&quot;sizes&quot;:[]},&quot;_transform_translateY_effect_hover_mobile&quot;:{&quot;unit&quot;:&quot;px&quot;,&quot;size&quot;:&quot;&quot;,&quot;sizes&quot;:[]}}\" data-widget_type=\"jkit_button.default\">\n\t\t\t\t<div class=\"elementor-widget-container\">\n\t\t\t<div  class=\"jeg-elementor-kit jkit-button  icon-position-before jeg_module__4_69dc441b07525\" ><a href=\"https:\/\/api.whatsapp.com\/send\/?phone=573134112497&#038;text=Hola+%2ACojines+de+lechona%2A.+Necesito+m%C3%A1s+informaci%C3%B3n+sobre+Servicios+https%3A%2F%2Fcojinesdelechona.com%2Fservicios&#038;type=phone_number&#038;app_absent=0\"  class=\"jkit-button-wrapper\"  >AHORA MISMO<\/a><\/div>\t\t<\/div>\n\t\t\t\t<\/div>\n\t\t\t\t\t<\/div>\n\t\t<\/div>\n\t\t\t\t\t<\/div>\n\t\t<\/section>\n\t\t\t\t<\/div>\n\t\t","protected":false},"excerpt":{"rendered":"<p>SERVICIOS Servicios que ofrecemos: Atendemos eventos familiares: Celebre momentos especiales con nuestra deliciosa lechona, perfecta para reuniones familiares, fiestas de [&hellip;]<\/p>\n","protected":false},"author":1,"featured_media":0,"parent":0,"menu_order":0,"comment_status":"closed","ping_status":"closed","template":"elementor_header_footer","meta":{"site-sidebar-layout":"no-sidebar","site-content-layout":"","ast-site-content-layout":"full-width-container","site-content-style":"default","site-sidebar-style":"default","ast-global-header-display":"","ast-banner-title-visibility":"","ast-main-header-display":"","ast-hfb-above-header-display":"","ast-hfb-below-header-display":"","ast-hfb-mobile-header-display":"","site-post-title":"disabled","ast-breadcrumbs-content":"","ast-featured-img":"disabled","footer-sml-layout":"","theme-transparent-header-meta":"","adv-header-id-meta":"","stick-header-meta":"","header-above-stick-meta":"","header-main-stick-meta":"","header-below-stick-meta":"","astra-migrate-meta-layouts":"default","ast-page-background-enabled":"default","ast-page-background-meta":{"desktop":{"background-color":"var(--ast-global-color-4)","background-image":"","background-repeat":"repeat","background-position":"center center","background-size":"auto","background-attachment":"scroll","background-type":"","background-media":"","overlay-type":"","overlay-color":"","overlay-gradient":""},"tablet":{"background-color":"","background-image":"","background-repeat":"repeat","background-position":"center center","background-size":"auto","background-attachment":"scroll","background-type":"","background-media":"","overlay-type":"","overlay-color":"","overlay-gradient":""},"mobile":{"background-color":"","background-image":"","background-repeat":"repeat","background-position":"center center","background-size":"auto","background-attachment":"scroll","background-type":"","background-media":"","overlay-type":"","overlay-color":"","overlay-gradient":""}},"ast-content-background-meta":{"desktop":{"background-color":"var(--ast-global-color-5)","background-image":"","background-repeat":"repeat","background-position":"center center","background-size":"auto","background-attachment":"scroll","background-type":"","background-media":"","overlay-type":"","overlay-color":"","overlay-gradient":""},"tablet":{"background-color":"var(--ast-global-color-5)","background-image":"","background-repeat":"repeat","background-position":"center center","background-size":"auto","background-attachment":"scroll","background-type":"","background-media":"","overlay-type":"","overlay-color":"","overlay-gradient":""},"mobile":{"background-color":"var(--ast-global-color-5)","background-image":"","background-repeat":"repeat","background-position":"center center","background-size":"auto","background-attachment":"scroll","background-type":"","background-media":"","overlay-type":"","overlay-color":"","overlay-gradient":""}},"_joinchat":[],"footnotes":""},"class_list":["post-188","page","type-page","status-publish","hentry"],"_links":{"self":[{"href":"https:\/\/cojinesdelechona.com\/index.php\/wp-json\/wp\/v2\/pages\/188","targetHints":{"allow":["GET"]}}],"collection":[{"href":"https:\/\/cojinesdelechona.com\/index.php\/wp-json\/wp\/v2\/pages"}],"about":[{"href":"https:\/\/cojinesdelechona.com\/index.php\/wp-json\/wp\/v2\/types\/page"}],"author":[{"embeddable":true,"href":"https:\/\/cojinesdelechona.com\/index.php\/wp-json\/wp\/v2\/users\/1"}],"replies":[{"embeddable":true,"href":"https:\/\/cojinesdelechona.com\/index.php\/wp-json\/wp\/v2\/comments?post=188"}],"version-history":[{"count":19,"href":"https:\/\/cojinesdelechona.com\/index.php\/wp-json\/wp\/v2\/pages\/188\/revisions"}],"predecessor-version":[{"id":289,"href":"https:\/\/cojinesdelechona.com\/index.php\/wp-json\/wp\/v2\/pages\/188\/revisions\/289"}],"wp:attachment":[{"href":"https:\/\/cojinesdelechona.com\/index.php\/wp-json\/wp\/v2\/media?parent=188"}],"curies":[{"name":"wp","href":"https:\/\/api.w.org\/{rel}","templated":true}]}}